{"id":23194,"date":"2024-07-25T12:44:02","date_gmt":"2024-07-25T10:44:02","guid":{"rendered":"https:\/\/www.ibizacancer.com\/document-library\/"},"modified":"2024-08-01T19:02:42","modified_gmt":"2024-08-01T17:02:42","slug":"document-library","status":"publish","type":"page","link":"https:\/\/www.ibizacancer.com\/en\/document-library\/","title":{"rendered":"Document Library"},"content":{"rendered":"<div id=\"dlp_grid_9fc4ad999cb289c4_1\" class=\"dlp-grid-container\"><header class=\"dlp-grid-header dlp-grid-above dlp-grid-controls\"><div class=\"dlp-grid-search\"><label>Search:<input type=\"search\" value=\"\"><\/label><\/div><div class=\"dlp-grid-reset\"><a class=\"reset\" href=\"#\">Reset<\/a><\/div><\/header><div class=\"dlp-grid-documents grid-columns columns-3\"><div class=\"dlp-grid-card dlp-document-hospice-support-service-for-cancer-patients-in-the-final-stage-of-life\"><div class=\"dlp-grid-card-inner\">\n<div class=\"dlp-grid-card-featured-img\">\n\n\t<a href=\"https:\/\/www.ibizacancer.com\/en\/document\/hospice-support-service-for-cancer-patients-in-the-final-stage-of-life\/\"><img fetchpriority=\"high\" decoding=\"async\" width=\"579\" height=\"800\" src=\"https:\/\/www.ibizacancer.com\/wp-content\/uploads\/2024\/07\/portada-hospice-ifcc-triptico.jpg\" class=\"\" alt=\"Portada tr\u00edptico IFCC Hospice - Servicio de acompa\u00f1amiento\" title=\"portada-hospice-ifcc-triptico\" sizes=\"(max-width: 34.9rem) calc(100vw - 2rem), (max-width: 53rem) calc(8 * (100vw \/ 12)), (min-width: 53rem) calc(6 * (100vw \/ 12)), 100vw\" srcset=\"https:\/\/www.ibizacancer.com\/wp-content\/uploads\/2024\/07\/portada-hospice-ifcc-triptico.jpg 579w, https:\/\/www.ibizacancer.com\/wp-content\/uploads\/2024\/07\/portada-hospice-ifcc-triptico-217x300.jpg 217w\" data-caption=\"Hospice \u2013 Support Service for Cancer Patients in the Final Stage of Life\" data-src=\"https:\/\/www.ibizacancer.com\/wp-content\/uploads\/2024\/07\/portada-hospice-ifcc-triptico.jpg\" data-large_image=\"https:\/\/www.ibizacancer.com\/wp-content\/uploads\/2024\/07\/portada-hospice-ifcc-triptico.jpg\" data-large_image_width=\"579\" data-large_image_height=\"800\" \/><\/a>\n<\/div>\n<div class=\"dlp-grid-card-content\"><div class=\"dlp-grid-card-info\"><div class=\"dlp-grid-card-file-info\"><\/div><\/div>\n<div class=\"dlp-grid-card-title\">\n\n\t<a href=\"https:\/\/www.ibizacancer.com\/wp-content\/uploads\/2026\/02\/hospice-ifcc-triptico-english.pdf\" >Hospice \u2013 Support Service for Cancer Patients in the Final Stage of Life<\/a>\n<\/div>\n\n<div class=\"dlp-grid-card-excerpt\">\n\t<p>The Hospice Service of the Ibiza and Formentera Cancer Association provides compassionate support, emotional care, and practical assistance to people with cancer in the final or terminal stage of life, as well as to their families and loved ones.<\/p>\n<\/div>\n<\/div><\/div><\/div><div class=\"dlp-grid-card dlp-document-caring-for-your-breasts\"><div class=\"dlp-grid-card-inner\">\n<div class=\"dlp-grid-card-featured-img\">\n\n\t<a href=\"https:\/\/www.ibizacancer.com\/en\/document\/caring-for-your-breasts\/\"><img decoding=\"async\" width=\"579\" height=\"800\" src=\"https:\/\/www.ibizacancer.com\/wp-content\/uploads\/2024\/07\/cuidando-tus-pechos.jpg\" class=\"\" alt=\"Cuidando tus pechos\" title=\"cuidando-tus-pechos\" sizes=\"(max-width: 34.9rem) calc(100vw - 2rem), (max-width: 53rem) calc(8 * (100vw \/ 12)), (min-width: 53rem) calc(6 * (100vw \/ 12)), 100vw\" srcset=\"https:\/\/www.ibizacancer.com\/wp-content\/uploads\/2024\/07\/cuidando-tus-pechos.jpg 579w, https:\/\/www.ibizacancer.com\/wp-content\/uploads\/2024\/07\/cuidando-tus-pechos-217x300.jpg 217w\" data-caption=\"Caring for Your Breasts\" data-src=\"https:\/\/www.ibizacancer.com\/wp-content\/uploads\/2024\/07\/cuidando-tus-pechos.jpg\" data-large_image=\"https:\/\/www.ibizacancer.com\/wp-content\/uploads\/2024\/07\/cuidando-tus-pechos.jpg\" data-large_image_width=\"579\" data-large_image_height=\"800\" \/><\/a>\n<\/div>\n<div class=\"dlp-grid-card-content\"><div class=\"dlp-grid-card-info\"><div class=\"dlp-grid-card-file-info\">\n\t<div class=\"dlp-grid-card-download-count\">\n\t\t<div class=\"dlp-icon download download-count-icon\"><svg xmlns=\"http:\/\/www.w3.org\/2000\/svg\" viewBox=\"0 0 512 512\" aria-label=\"Download\"><path fill=\"currentColor\" d=\"M216 0h80c13.3 0 24 10.7 24 24v168h87.7c17.8 0 26.7 21.5 14.1 34.1L269.7 378.3c-7.5 7.5-19.8 7.5-27.3 0L90.1 226.1c-12.6-12.6-3.7-34.1 14.1-34.1H192V24c0-13.3 10.7-24 24-24zm296 376v112c0 13.3-10.7 24-24 24H24c-13.3 0-24-10.7-24-24V376c0-13.3 10.7-24 24-24h146.7l49 49c20.1 20.1 52.5 20.1 72.6 0l49-49H488c13.3 0 24 10.7 24 24zm-124 88c0-11-9-20-20-20s-20 9-20 20 9 20 20 20 20-9 20-20zm64 0c0-11-9-20-20-20s-20 9-20 20 9 20 20 20 20-9 20-20z\"><\/path><\/svg><\/div>1\t<\/div>\n\n<\/div><\/div>\n<div class=\"dlp-grid-card-title\">\n\n\t<a href=\"https:\/\/www.ibizacancer.com\/wp-content\/uploads\/2024\/07\/cuidando-tus-pechos.pdf\" >Caring for Your Breasts<\/a>\n<\/div>\n\n<div class=\"dlp-grid-card-excerpt\">\n\t<p>Breast cancer is the most common cancer among women in Europe, so it&#8217;s important to learn what your breasts look and feel like to understand what is normal for you.<\/p>\n<\/div>\n<\/div><\/div><\/div><\/div><footer class=\"dlp-grid-footer dlp-grid-below dlp-grid-controls\"><div class=\"dlp-grid-length\"><label>Show <select><option value=\"10\">10<\/option><option value=\"25\" selected='selected'>25<\/option><option value=\"50\">50<\/option><option value=\"100\">100<\/option><\/select> per page<\/label><\/div><div class=\"dlp-grid-totals\">2 documents<\/div><div class=\"dlp-grid-pagination\"><\/div><\/footer><\/div>\n","protected":false},"excerpt":{"rendered":"","protected":false},"author":1,"featured_media":0,"parent":0,"menu_order":0,"comment_status":"closed","ping_status":"closed","template":"","meta":{"_acf_changed":false,"give_campaign_id":0,"footnotes":""},"class_list":["post-23194","page","type-page","status-publish","hentry","entry"],"acf":[],"yoast_head":"<!-- This site is optimized with the Yoast SEO plugin v27.1.1 - https:\/\/yoast.com\/product\/yoast-seo-wordpress\/ -->\n<title>Document Library - Ibiza y Formentera Contra el C\u00e1ncer<\/title>\n<meta name=\"robots\" content=\"index, follow, max-snippet:-1, max-image-preview:large, max-video-preview:-1\" \/>\n<link rel=\"canonical\" href=\"https:\/\/www.ibizacancer.com\/en\/document-library\/\" \/>\n<meta property=\"og:locale\" content=\"en_US\" \/>\n<meta property=\"og:type\" content=\"article\" \/>\n<meta property=\"og:title\" content=\"Document Library - Ibiza y Formentera Contra el C\u00e1ncer\" \/>\n<meta property=\"og:url\" content=\"https:\/\/www.ibizacancer.com\/en\/document-library\/\" \/>\n<meta property=\"og:site_name\" content=\"Ibiza y Formentera Contra el C\u00e1ncer\" \/>\n<meta property=\"article:publisher\" content=\"https:\/\/www.facebook.com\/IFCCancer\" \/>\n<meta property=\"article:modified_time\" content=\"2024-08-01T17:02:42+00:00\" \/>\n<meta name=\"twitter:card\" content=\"summary_large_image\" \/>\n<script type=\"application\/ld+json\" class=\"yoast-schema-graph\">{\"@context\":\"https:\/\/schema.org\",\"@graph\":[{\"@type\":\"WebPage\",\"@id\":\"https:\/\/www.ibizacancer.com\/en\/document-library\/\",\"url\":\"https:\/\/www.ibizacancer.com\/en\/document-library\/\",\"name\":\"Document Library - Ibiza y Formentera Contra el C\u00e1ncer\",\"isPartOf\":{\"@id\":\"https:\/\/www.ibizacancer.com\/en\/#website\"},\"datePublished\":\"2024-07-25T10:44:02+00:00\",\"dateModified\":\"2024-08-01T17:02:42+00:00\",\"inLanguage\":\"en-US\",\"potentialAction\":[{\"@type\":\"ReadAction\",\"target\":[\"https:\/\/www.ibizacancer.com\/en\/document-library\/\"]}]},{\"@type\":\"WebSite\",\"@id\":\"https:\/\/www.ibizacancer.com\/en\/#website\",\"url\":\"https:\/\/www.ibizacancer.com\/en\/\",\"name\":\"Ibiza y Formentera Contra el C\u00e1ncer\",\"description\":\"Ibiza y Formentera contra el C\u00e1ncer es una organizaci\u00f3n no gubernamental y sin \u00e1nimo de lucro dirigida a la lucha contra esta enfermedad en las Pitiusas.\",\"publisher\":{\"@id\":\"https:\/\/www.ibizacancer.com\/en\/#organization\"},\"potentialAction\":[{\"@type\":\"SearchAction\",\"target\":{\"@type\":\"EntryPoint\",\"urlTemplate\":\"https:\/\/www.ibizacancer.com\/en\/?s={search_term_string}\"},\"query-input\":{\"@type\":\"PropertyValueSpecification\",\"valueRequired\":true,\"valueName\":\"search_term_string\"}}],\"inLanguage\":\"en-US\"},{\"@type\":\"Organization\",\"@id\":\"https:\/\/www.ibizacancer.com\/en\/#organization\",\"name\":\"Ibiza y Formentera Contra el C\u00e1ncer\",\"url\":\"https:\/\/www.ibizacancer.com\/en\/\",\"logo\":{\"@type\":\"ImageObject\",\"inLanguage\":\"en-US\",\"@id\":\"https:\/\/www.ibizacancer.com\/en\/#\/schema\/logo\/image\/\",\"url\":\"https:\/\/www.ibizacancer.com\/wp-content\/uploads\/2020\/08\/ifcc-logo-web.png\",\"contentUrl\":\"https:\/\/www.ibizacancer.com\/wp-content\/uploads\/2020\/08\/ifcc-logo-web.png\",\"width\":200,\"height\":73,\"caption\":\"Ibiza y Formentera Contra el C\u00e1ncer\"},\"image\":{\"@id\":\"https:\/\/www.ibizacancer.com\/en\/#\/schema\/logo\/image\/\"},\"sameAs\":[\"https:\/\/www.facebook.com\/IFCCancer\"]}]}<\/script>\n<!-- \/ Yoast SEO plugin. -->","yoast_head_json":{"title":"Document Library - Ibiza y Formentera Contra el C\u00e1ncer","robots":{"index":"index","follow":"follow","max-snippet":"max-snippet:-1","max-image-preview":"max-image-preview:large","max-video-preview":"max-video-preview:-1"},"canonical":"https:\/\/www.ibizacancer.com\/en\/document-library\/","og_locale":"en_US","og_type":"article","og_title":"Document Library - Ibiza y Formentera Contra el C\u00e1ncer","og_url":"https:\/\/www.ibizacancer.com\/en\/document-library\/","og_site_name":"Ibiza y Formentera Contra el C\u00e1ncer","article_publisher":"https:\/\/www.facebook.com\/IFCCancer","article_modified_time":"2024-08-01T17:02:42+00:00","twitter_card":"summary_large_image","schema":{"@context":"https:\/\/schema.org","@graph":[{"@type":"WebPage","@id":"https:\/\/www.ibizacancer.com\/en\/document-library\/","url":"https:\/\/www.ibizacancer.com\/en\/document-library\/","name":"Document Library - Ibiza y Formentera Contra el C\u00e1ncer","isPartOf":{"@id":"https:\/\/www.ibizacancer.com\/en\/#website"},"datePublished":"2024-07-25T10:44:02+00:00","dateModified":"2024-08-01T17:02:42+00:00","inLanguage":"en-US","potentialAction":[{"@type":"ReadAction","target":["https:\/\/www.ibizacancer.com\/en\/document-library\/"]}]},{"@type":"WebSite","@id":"https:\/\/www.ibizacancer.com\/en\/#website","url":"https:\/\/www.ibizacancer.com\/en\/","name":"Ibiza y Formentera Contra el C\u00e1ncer","description":"Ibiza y Formentera contra el C\u00e1ncer es una organizaci\u00f3n no gubernamental y sin \u00e1nimo de lucro dirigida a la lucha contra esta enfermedad en las Pitiusas.","publisher":{"@id":"https:\/\/www.ibizacancer.com\/en\/#organization"},"potentialAction":[{"@type":"SearchAction","target":{"@type":"EntryPoint","urlTemplate":"https:\/\/www.ibizacancer.com\/en\/?s={search_term_string}"},"query-input":{"@type":"PropertyValueSpecification","valueRequired":true,"valueName":"search_term_string"}}],"inLanguage":"en-US"},{"@type":"Organization","@id":"https:\/\/www.ibizacancer.com\/en\/#organization","name":"Ibiza y Formentera Contra el C\u00e1ncer","url":"https:\/\/www.ibizacancer.com\/en\/","logo":{"@type":"ImageObject","inLanguage":"en-US","@id":"https:\/\/www.ibizacancer.com\/en\/#\/schema\/logo\/image\/","url":"https:\/\/www.ibizacancer.com\/wp-content\/uploads\/2020\/08\/ifcc-logo-web.png","contentUrl":"https:\/\/www.ibizacancer.com\/wp-content\/uploads\/2020\/08\/ifcc-logo-web.png","width":200,"height":73,"caption":"Ibiza y Formentera Contra el C\u00e1ncer"},"image":{"@id":"https:\/\/www.ibizacancer.com\/en\/#\/schema\/logo\/image\/"},"sameAs":["https:\/\/www.facebook.com\/IFCCancer"]}]}},"campaignId":"","_links":{"self":[{"href":"https:\/\/www.ibizacancer.com\/en\/wp-json\/wp\/v2\/pages\/23194","targetHints":{"allow":["GET"]}}],"collection":[{"href":"https:\/\/www.ibizacancer.com\/en\/wp-json\/wp\/v2\/pages"}],"about":[{"href":"https:\/\/www.ibizacancer.com\/en\/wp-json\/wp\/v2\/types\/page"}],"author":[{"embeddable":true,"href":"https:\/\/www.ibizacancer.com\/en\/wp-json\/wp\/v2\/users\/1"}],"replies":[{"embeddable":true,"href":"https:\/\/www.ibizacancer.com\/en\/wp-json\/wp\/v2\/comments?post=23194"}],"version-history":[{"count":1,"href":"https:\/\/www.ibizacancer.com\/en\/wp-json\/wp\/v2\/pages\/23194\/revisions"}],"predecessor-version":[{"id":23195,"href":"https:\/\/www.ibizacancer.com\/en\/wp-json\/wp\/v2\/pages\/23194\/revisions\/23195"}],"wp:attachment":[{"href":"https:\/\/www.ibizacancer.com\/en\/wp-json\/wp\/v2\/media?parent=23194"}],"curies":[{"name":"wp","href":"https:\/\/api.w.org\/{rel}","templated":true}]}}