{"id":23203,"date":"2021-05-25T09:20:10","date_gmt":"2021-05-25T07:20:10","guid":{"rendered":"https:\/\/www.ibizacancer.com\/donation-history-2\/"},"modified":"2021-05-25T09:20:10","modified_gmt":"2021-05-25T07:20:10","slug":"donation-history-2","status":"publish","type":"page","link":"https:\/\/www.ibizacancer.com\/en\/donation-history-2\/","title":{"rendered":"Donation History"},"content":{"rendered":"\t<div class=\"give-form\">\n\t\t<form method=\"post\" id=\"give-email-access-form\">\n\t\t\t<p>\n\t\t\t\tPlease verify your email to access your donation history.\t\t\t<\/p>\n\n\t\t\t<label for=\"give-email\">Donation Email:<\/label>\n\t\t\t<input id=\"give-email\" type=\"email\" name=\"give_email\" value=\"\"\n\t\t\t\t\tplaceholder=\"Email Address\"\/>\n\t\t\t<input type=\"hidden\" name=\"_wpnonce\" value=\"9313e430fa\"\/>\n\t\t\t<input type=\"hidden\" name=\"give_action\" value=\"email_access_form_login\"\/>\n\t\t\t<input type=\"hidden\" name=\"give_access_page\" value=\"23203\"\/>\n\n\t\t\t\n\t\t\t<input type=\"submit\" class=\"give-submit\" value=\"Verify Email\"\/>\n\t\t<\/form>\n\t<\/div>\n\t\n","protected":false},"excerpt":{"rendered":"","protected":false},"author":1,"featured_media":0,"parent":0,"menu_order":0,"comment_status":"closed","ping_status":"closed","template":"","meta":{"_acf_changed":false,"give_campaign_id":0,"footnotes":""},"class_list":["post-23203","page","type-page","status-publish","hentry","entry"],"acf":[],"yoast_head":"<!-- This site is optimized with the Yoast SEO plugin v27.1.1 - https:\/\/yoast.com\/product\/yoast-seo-wordpress\/ -->\n<title>Donation History - Ibiza y Formentera Contra el C\u00e1ncer<\/title>\n<meta name=\"robots\" content=\"index, follow, max-snippet:-1, max-image-preview:large, max-video-preview:-1\" \/>\n<link rel=\"canonical\" href=\"https:\/\/www.ibizacancer.com\/en\/donation-history-2\/\" \/>\n<meta property=\"og:locale\" content=\"en_US\" \/>\n<meta property=\"og:type\" content=\"article\" \/>\n<meta property=\"og:title\" content=\"Donation History - Ibiza y Formentera Contra el C\u00e1ncer\" \/>\n<meta property=\"og:url\" content=\"https:\/\/www.ibizacancer.com\/en\/donation-history-2\/\" \/>\n<meta property=\"og:site_name\" content=\"Ibiza y Formentera Contra el C\u00e1ncer\" \/>\n<meta property=\"article:publisher\" content=\"https:\/\/www.facebook.com\/IFCCancer\" \/>\n<meta name=\"twitter:card\" content=\"summary_large_image\" \/>\n<script type=\"application\/ld+json\" class=\"yoast-schema-graph\">{\"@context\":\"https:\/\/schema.org\",\"@graph\":[{\"@type\":\"WebPage\",\"@id\":\"https:\/\/www.ibizacancer.com\/en\/donation-history-2\/\",\"url\":\"https:\/\/www.ibizacancer.com\/en\/donation-history-2\/\",\"name\":\"Donation History - Ibiza y Formentera Contra el C\u00e1ncer\",\"isPartOf\":{\"@id\":\"https:\/\/www.ibizacancer.com\/en\/#website\"},\"datePublished\":\"2021-05-25T07:20:10+00:00\",\"inLanguage\":\"en-US\",\"potentialAction\":[{\"@type\":\"ReadAction\",\"target\":[\"https:\/\/www.ibizacancer.com\/en\/donation-history-2\/\"]}]},{\"@type\":\"WebSite\",\"@id\":\"https:\/\/www.ibizacancer.com\/en\/#website\",\"url\":\"https:\/\/www.ibizacancer.com\/en\/\",\"name\":\"Ibiza y Formentera Contra el C\u00e1ncer\",\"description\":\"Ibiza y Formentera contra el C\u00e1ncer es una organizaci\u00f3n no gubernamental y sin \u00e1nimo de lucro dirigida a la lucha contra esta enfermedad en las Pitiusas.\",\"publisher\":{\"@id\":\"https:\/\/www.ibizacancer.com\/en\/#organization\"},\"potentialAction\":[{\"@type\":\"SearchAction\",\"target\":{\"@type\":\"EntryPoint\",\"urlTemplate\":\"https:\/\/www.ibizacancer.com\/en\/?s={search_term_string}\"},\"query-input\":{\"@type\":\"PropertyValueSpecification\",\"valueRequired\":true,\"valueName\":\"search_term_string\"}}],\"inLanguage\":\"en-US\"},{\"@type\":\"Organization\",\"@id\":\"https:\/\/www.ibizacancer.com\/en\/#organization\",\"name\":\"Ibiza y Formentera Contra el C\u00e1ncer\",\"url\":\"https:\/\/www.ibizacancer.com\/en\/\",\"logo\":{\"@type\":\"ImageObject\",\"inLanguage\":\"en-US\",\"@id\":\"https:\/\/www.ibizacancer.com\/en\/#\/schema\/logo\/image\/\",\"url\":\"https:\/\/www.ibizacancer.com\/wp-content\/uploads\/2020\/08\/ifcc-logo-web.png\",\"contentUrl\":\"https:\/\/www.ibizacancer.com\/wp-content\/uploads\/2020\/08\/ifcc-logo-web.png\",\"width\":200,\"height\":73,\"caption\":\"Ibiza y Formentera Contra el C\u00e1ncer\"},\"image\":{\"@id\":\"https:\/\/www.ibizacancer.com\/en\/#\/schema\/logo\/image\/\"},\"sameAs\":[\"https:\/\/www.facebook.com\/IFCCancer\"]}]}<\/script>\n<!-- \/ Yoast SEO plugin. -->","yoast_head_json":{"title":"Donation History - Ibiza y Formentera Contra el C\u00e1ncer","robots":{"index":"index","follow":"follow","max-snippet":"max-snippet:-1","max-image-preview":"max-image-preview:large","max-video-preview":"max-video-preview:-1"},"canonical":"https:\/\/www.ibizacancer.com\/en\/donation-history-2\/","og_locale":"en_US","og_type":"article","og_title":"Donation History - Ibiza y Formentera Contra el C\u00e1ncer","og_url":"https:\/\/www.ibizacancer.com\/en\/donation-history-2\/","og_site_name":"Ibiza y Formentera Contra el C\u00e1ncer","article_publisher":"https:\/\/www.facebook.com\/IFCCancer","twitter_card":"summary_large_image","schema":{"@context":"https:\/\/schema.org","@graph":[{"@type":"WebPage","@id":"https:\/\/www.ibizacancer.com\/en\/donation-history-2\/","url":"https:\/\/www.ibizacancer.com\/en\/donation-history-2\/","name":"Donation History - Ibiza y Formentera Contra el C\u00e1ncer","isPartOf":{"@id":"https:\/\/www.ibizacancer.com\/en\/#website"},"datePublished":"2021-05-25T07:20:10+00:00","inLanguage":"en-US","potentialAction":[{"@type":"ReadAction","target":["https:\/\/www.ibizacancer.com\/en\/donation-history-2\/"]}]},{"@type":"WebSite","@id":"https:\/\/www.ibizacancer.com\/en\/#website","url":"https:\/\/www.ibizacancer.com\/en\/","name":"Ibiza y Formentera Contra el C\u00e1ncer","description":"Ibiza y Formentera contra el C\u00e1ncer es una organizaci\u00f3n no gubernamental y sin \u00e1nimo de lucro dirigida a la lucha contra esta enfermedad en las Pitiusas.","publisher":{"@id":"https:\/\/www.ibizacancer.com\/en\/#organization"},"potentialAction":[{"@type":"SearchAction","target":{"@type":"EntryPoint","urlTemplate":"https:\/\/www.ibizacancer.com\/en\/?s={search_term_string}"},"query-input":{"@type":"PropertyValueSpecification","valueRequired":true,"valueName":"search_term_string"}}],"inLanguage":"en-US"},{"@type":"Organization","@id":"https:\/\/www.ibizacancer.com\/en\/#organization","name":"Ibiza y Formentera Contra el C\u00e1ncer","url":"https:\/\/www.ibizacancer.com\/en\/","logo":{"@type":"ImageObject","inLanguage":"en-US","@id":"https:\/\/www.ibizacancer.com\/en\/#\/schema\/logo\/image\/","url":"https:\/\/www.ibizacancer.com\/wp-content\/uploads\/2020\/08\/ifcc-logo-web.png","contentUrl":"https:\/\/www.ibizacancer.com\/wp-content\/uploads\/2020\/08\/ifcc-logo-web.png","width":200,"height":73,"caption":"Ibiza y Formentera Contra el C\u00e1ncer"},"image":{"@id":"https:\/\/www.ibizacancer.com\/en\/#\/schema\/logo\/image\/"},"sameAs":["https:\/\/www.facebook.com\/IFCCancer"]}]}},"campaignId":"","_links":{"self":[{"href":"https:\/\/www.ibizacancer.com\/en\/wp-json\/wp\/v2\/pages\/23203","targetHints":{"allow":["GET"]}}],"collection":[{"href":"https:\/\/www.ibizacancer.com\/en\/wp-json\/wp\/v2\/pages"}],"about":[{"href":"https:\/\/www.ibizacancer.com\/en\/wp-json\/wp\/v2\/types\/page"}],"author":[{"embeddable":true,"href":"https:\/\/www.ibizacancer.com\/en\/wp-json\/wp\/v2\/users\/1"}],"replies":[{"embeddable":true,"href":"https:\/\/www.ibizacancer.com\/en\/wp-json\/wp\/v2\/comments?post=23203"}],"version-history":[{"count":0,"href":"https:\/\/www.ibizacancer.com\/en\/wp-json\/wp\/v2\/pages\/23203\/revisions"}],"wp:attachment":[{"href":"https:\/\/www.ibizacancer.com\/en\/wp-json\/wp\/v2\/media?parent=23203"}],"curies":[{"name":"wp","href":"https:\/\/api.w.org\/{rel}","templated":true}]}}