{"id":23333,"date":"2024-08-22T12:06:02","date_gmt":"2024-08-22T10:06:02","guid":{"rendered":"https:\/\/www.ibizacancer.com\/?page_id=23333"},"modified":"2025-09-02T17:16:09","modified_gmt":"2025-09-02T15:16:09","slug":"christmas-lottery-2025","status":"publish","type":"page","link":"https:\/\/www.ibizacancer.com\/en\/christmas-lottery-2025\/","title":{"rendered":"Christmas Lottery 2025"},"content":{"rendered":"\t\t<div data-elementor-type=\"wp-page\" data-elementor-id=\"23333\" class=\"elementor elementor-23333 elementor-23332\" data-elementor-post-type=\"page\">\n\t\t\t\t\t\t<section class=\"elementor-section elementor-top-section elementor-element elementor-element-500c5e9 elementor-section-boxed elementor-section-height-default elementor-section-height-default\" data-id=\"500c5e9\" data-element_type=\"section\" data-e-type=\"section\" data-settings=\"{&quot;background_background&quot;:&quot;classic&quot;}\">\n\t\t\t\t\t\t<div class=\"elementor-container elementor-column-gap-extended\">\n\t\t\t\t\t<div class=\"elementor-column elementor-col-100 elementor-top-column elementor-element elementor-element-40e4d85\" data-id=\"40e4d85\" data-element_type=\"column\" data-e-type=\"column\">\n\t\t\t<div class=\"elementor-widget-wrap elementor-element-populated\">\n\t\t\t\t\t\t<div class=\"elementor-element elementor-element-4da608e elementor-widget elementor-widget-heading\" data-id=\"4da608e\" data-element_type=\"widget\" data-e-type=\"widget\" data-widget_type=\"heading.default\">\n\t\t\t\t<div class=\"elementor-widget-container\">\n\t\t\t\t\t<h2 class=\"elementor-heading-title elementor-size-default\">Christmas Lottery 2025<\/h2>\t\t\t\t<\/div>\n\t\t\t\t<\/div>\n\t\t\t\t<div class=\"elementor-element elementor-element-3c60959 elementor-align-center elementor-widget__width-auto elementor-absolute e-transform elementor-widget elementor-widget-breadcrumbs\" data-id=\"3c60959\" data-element_type=\"widget\" data-e-type=\"widget\" data-settings=\"{&quot;_position&quot;:&quot;absolute&quot;,&quot;_transform_translateX_effect&quot;:{&quot;unit&quot;:&quot;%&quot;,&quot;size&quot;:-50,&quot;sizes&quot;:[]},&quot;_transform_translateX_effect_tablet&quot;:{&quot;unit&quot;:&quot;%&quot;,&quot;size&quot;:&quot;&quot;,&quot;sizes&quot;:[]},&quot;_transform_translateX_effect_mobile&quot;:{&quot;unit&quot;:&quot;%&quot;,&quot;size&quot;:&quot;&quot;,&quot;sizes&quot;:[]},&quot;_transform_translateY_effect&quot;:{&quot;unit&quot;:&quot;px&quot;,&quot;size&quot;:&quot;&quot;,&quot;sizes&quot;:[]},&quot;_transform_translateY_effect_tablet&quot;:{&quot;unit&quot;:&quot;px&quot;,&quot;size&quot;:&quot;&quot;,&quot;sizes&quot;:[]},&quot;_transform_translateY_effect_mobile&quot;:{&quot;unit&quot;:&quot;px&quot;,&quot;size&quot;:&quot;&quot;,&quot;sizes&quot;:[]}}\" data-widget_type=\"breadcrumbs.default\">\n\t\t\t\t<div class=\"elementor-widget-container\">\n\t\t\t\t\t<nav id=\"breadcrumbs\"><span><span class=\"breadcrumb_last\" aria-current=\"page\">Home<\/span><\/span><\/nav>\t\t\t\t<\/div>\n\t\t\t\t<\/div>\n\t\t\t\t\t<\/div>\n\t\t<\/div>\n\t\t\t\t\t<\/div>\n\t\t<\/section>\n\t\t\t\t<section class=\"elementor-section elementor-top-section elementor-element elementor-element-87696c1 elementor-section-full_width elementor-section-height-default elementor-section-height-default\" data-id=\"87696c1\" data-element_type=\"section\" data-e-type=\"section\" data-settings=\"{&quot;background_background&quot;:&quot;classic&quot;}\">\n\t\t\t\t\t\t<div class=\"elementor-container elementor-column-gap-no\">\n\t\t\t\t\t<div class=\"elementor-column elementor-col-100 elementor-top-column elementor-element elementor-element-174e392\" data-id=\"174e392\" data-element_type=\"column\" data-e-type=\"column\">\n\t\t\t<div class=\"elementor-widget-wrap elementor-element-populated\">\n\t\t\t\t\t\t<section class=\"elementor-section elementor-inner-section elementor-element elementor-element-2aeb796 elementor-section-content-middle elementor-section-boxed elementor-section-height-default elementor-section-height-default\" data-id=\"2aeb796\" data-element_type=\"section\" data-e-type=\"section\">\n\t\t\t\t\t\t<div class=\"elementor-container elementor-column-gap-extended\">\n\t\t\t\t\t<div class=\"elementor-column elementor-col-50 elementor-inner-column elementor-element elementor-element-3baa3a1\" data-id=\"3baa3a1\" data-element_type=\"column\" data-e-type=\"column\">\n\t\t\t<div class=\"elementor-widget-wrap elementor-element-populated\">\n\t\t\t\t\t\t<div class=\"elementor-element elementor-element-1745718 elementor-widget elementor-widget-heading\" data-id=\"1745718\" data-element_type=\"widget\" data-e-type=\"widget\" data-widget_type=\"heading.default\">\n\t\t\t\t<div class=\"elementor-widget-container\">\n\t\t\t\t\t<div class=\"elementor-heading-title elementor-size-default\">IFCC Christmas Lottery <\/div>\t\t\t\t<\/div>\n\t\t\t\t<\/div>\n\t\t\t\t<div class=\"elementor-element elementor-element-5bfdc6b elementor-widget elementor-widget-heading\" data-id=\"5bfdc6b\" data-element_type=\"widget\" data-e-type=\"widget\" data-widget_type=\"heading.default\">\n\t\t\t\t<div class=\"elementor-widget-container\">\n\t\t\t\t\t<h2 class=\"elementor-heading-title elementor-size-default\">Share your good fortune<\/h2>\t\t\t\t<\/div>\n\t\t\t\t<\/div>\n\t\t\t\t\t<\/div>\n\t\t<\/div>\n\t\t\t\t<div class=\"elementor-column elementor-col-50 elementor-inner-column elementor-element elementor-element-66eb44e\" data-id=\"66eb44e\" data-element_type=\"column\" data-e-type=\"column\">\n\t\t\t<div class=\"elementor-widget-wrap elementor-element-populated\">\n\t\t\t\t\t\t<div class=\"elementor-element elementor-element-c9d410a elementor-widget elementor-widget-text-editor\" data-id=\"c9d410a\" data-element_type=\"widget\" data-e-type=\"widget\" data-widget_type=\"text-editor.default\">\n\t\t\t\t<div class=\"elementor-widget-container\">\n\t\t\t\t\t\t\t\t\t<p>Purchase your Christmas Lottery tickets now and share your luck. With each ticket, you\u2019ll be donating \u20ac3 to Ibiza and Formentera Against Cancer, helping us continue our mission.<\/p>\t\t\t\t\t\t\t\t<\/div>\n\t\t\t\t<\/div>\n\t\t\t\t\t<\/div>\n\t\t<\/div>\n\t\t\t\t\t<\/div>\n\t\t<\/section>\n\t\t\t\t<section class=\"elementor-section elementor-inner-section elementor-element elementor-element-41b0586 elementor-section-boxed elementor-section-height-default elementor-section-height-default\" data-id=\"41b0586\" data-element_type=\"section\" data-e-type=\"section\">\n\t\t\t\t\t\t<div class=\"elementor-container elementor-column-gap-extended\">\n\t\t\t\t\t<div class=\"elementor-column elementor-col-100 elementor-inner-column elementor-element elementor-element-cc4c44d\" data-id=\"cc4c44d\" data-element_type=\"column\" data-e-type=\"column\">\n\t\t\t<div class=\"elementor-widget-wrap elementor-element-populated\">\n\t\t\t\t\t\t<div class=\"elementor-element elementor-element-11bbadd elementor-widget elementor-widget-image\" data-id=\"11bbadd\" data-element_type=\"widget\" data-e-type=\"widget\" data-widget_type=\"image.default\">\n\t\t\t\t<div class=\"elementor-widget-container\">\n\t\t\t\t\t\t\t\t\t\t\t\t\t\t\t<img fetchpriority=\"high\" decoding=\"async\" width=\"1060\" height=\"640\" src=\"https:\/\/www.ibizacancer.com\/wp-content\/uploads\/2025\/09\/decimo-loteria-navidad-ifcc-2025.jpg\" class=\"attachment-full size-full wp-image-24464\" alt=\"D\u00e9cimo de Loter\u00eda de Navidad IFCC 2025\" srcset=\"https:\/\/www.ibizacancer.com\/wp-content\/uploads\/2025\/09\/decimo-loteria-navidad-ifcc-2025.jpg 1060w, https:\/\/www.ibizacancer.com\/wp-content\/uploads\/2025\/09\/decimo-loteria-navidad-ifcc-2025-300x181.jpg 300w, https:\/\/www.ibizacancer.com\/wp-content\/uploads\/2025\/09\/decimo-loteria-navidad-ifcc-2025-1024x618.jpg 1024w, https:\/\/www.ibizacancer.com\/wp-content\/uploads\/2025\/09\/decimo-loteria-navidad-ifcc-2025-768x464.jpg 768w\" sizes=\"(max-width: 34.9rem) calc(100vw - 2rem), (max-width: 53rem) calc(8 * (100vw \/ 12)), (min-width: 53rem) calc(6 * (100vw \/ 12)), 100vw\" \/>\t\t\t\t\t\t\t\t\t\t\t\t\t\t\t<\/div>\n\t\t\t\t<\/div>\n\t\t\t\t\t<\/div>\n\t\t<\/div>\n\t\t\t\t\t<\/div>\n\t\t<\/section>\n\t\t\t\t\t<\/div>\n\t\t<\/div>\n\t\t\t\t\t<\/div>\n\t\t<\/section>\n\t\t\t\t<section class=\"elementor-section elementor-top-section elementor-element elementor-element-238c711 elementor-section-boxed elementor-section-height-default elementor-section-height-default\" data-id=\"238c711\" data-element_type=\"section\" data-e-type=\"section\" data-settings=\"{&quot;background_background&quot;:&quot;classic&quot;}\">\n\t\t\t\t\t\t<div class=\"elementor-container elementor-column-gap-no\">\n\t\t\t\t\t<div class=\"elementor-column elementor-col-100 elementor-top-column elementor-element elementor-element-843e41b\" data-id=\"843e41b\" data-element_type=\"column\" data-e-type=\"column\">\n\t\t\t<div class=\"elementor-widget-wrap elementor-element-populated\">\n\t\t\t\t\t\t<div class=\"elementor-element elementor-element-1e8b1cc elementor-widget elementor-widget-heading\" data-id=\"1e8b1cc\" data-element_type=\"widget\" data-e-type=\"widget\" data-widget_type=\"heading.default\">\n\t\t\t\t<div class=\"elementor-widget-container\">\n\t\t\t\t\t<h2 class=\"elementor-heading-title elementor-size-default\">Discover below the locations where you can get your IFCC lottery ticket.<\/h2>\t\t\t\t<\/div>\n\t\t\t\t<\/div>\n\t\t\t\t<div class=\"elementor-element elementor-element-ec4c673 elementor-arrows-position-inside elementor-pagination-position-outside elementor-widget elementor-widget-image-carousel\" data-id=\"ec4c673\" data-element_type=\"widget\" data-e-type=\"widget\" data-settings=\"{&quot;slides_to_show&quot;:&quot;3&quot;,&quot;navigation&quot;:&quot;both&quot;,&quot;autoplay&quot;:&quot;yes&quot;,&quot;pause_on_hover&quot;:&quot;yes&quot;,&quot;pause_on_interaction&quot;:&quot;yes&quot;,&quot;autoplay_speed&quot;:5000,&quot;infinite&quot;:&quot;yes&quot;,&quot;speed&quot;:500}\" data-widget_type=\"image-carousel.default\">\n\t\t\t\t<div class=\"elementor-widget-container\">\n\t\t\t\t\t\t\t<div class=\"elementor-image-carousel-wrapper swiper\" role=\"region\" aria-roledescription=\"carousel\" aria-label=\"Image Carousel\" dir=\"ltr\">\n\t\t\t<div class=\"elementor-image-carousel swiper-wrapper\" aria-live=\"off\">\n\t\t\t\t\t\t\t\t<div class=\"swiper-slide\" role=\"group\" aria-roledescription=\"slide\" aria-label=\"1 of 4\"><a data-elementor-open-lightbox=\"yes\" data-elementor-lightbox-slideshow=\"ec4c673\" data-elementor-lightbox-title=\"ifcc-loteria-navidad-2025-04\" data-e-action-hash=\"#elementor-action%3Aaction%3Dlightbox%26settings%3DeyJpZCI6MjQ0NzMsInVybCI6Imh0dHBzOlwvXC93d3cuaWJpemFjYW5jZXIuY29tXC93cC1jb250ZW50XC91cGxvYWRzXC8yMDI1XC8wOVwvaWZjYy1sb3RlcmlhLW5hdmlkYWQtMjAyNS0wNC5qcGciLCJzbGlkZXNob3ciOiJlYzRjNjczIn0%3D\" href=\"https:\/\/www.ibizacancer.com\/wp-content\/uploads\/2025\/09\/ifcc-loteria-navidad-2025-04.jpg\"><figure class=\"swiper-slide-inner\"><img decoding=\"async\" class=\"swiper-slide-image\" src=\"https:\/\/www.ibizacancer.com\/wp-content\/uploads\/2025\/09\/ifcc-loteria-navidad-2025-04.jpg\" alt=\"ifcc-loteria-navidad-2025-04\" \/><\/figure><\/a><\/div><div class=\"swiper-slide\" role=\"group\" aria-roledescription=\"slide\" aria-label=\"2 of 4\"><a data-elementor-open-lightbox=\"yes\" data-elementor-lightbox-slideshow=\"ec4c673\" data-elementor-lightbox-title=\"ifcc-loteria-navidad-2025-03\" data-e-action-hash=\"#elementor-action%3Aaction%3Dlightbox%26settings%3DeyJpZCI6MjQ0NzEsInVybCI6Imh0dHBzOlwvXC93d3cuaWJpemFjYW5jZXIuY29tXC93cC1jb250ZW50XC91cGxvYWRzXC8yMDI1XC8wOVwvaWZjYy1sb3RlcmlhLW5hdmlkYWQtMjAyNS0wMy5qcGciLCJzbGlkZXNob3ciOiJlYzRjNjczIn0%3D\" href=\"https:\/\/www.ibizacancer.com\/wp-content\/uploads\/2025\/09\/ifcc-loteria-navidad-2025-03.jpg\"><figure class=\"swiper-slide-inner\"><img decoding=\"async\" class=\"swiper-slide-image\" src=\"https:\/\/www.ibizacancer.com\/wp-content\/uploads\/2025\/09\/ifcc-loteria-navidad-2025-03.jpg\" alt=\"ifcc-loteria-navidad-2025-03\" \/><\/figure><\/a><\/div><div class=\"swiper-slide\" role=\"group\" aria-roledescription=\"slide\" aria-label=\"3 of 4\"><a data-elementor-open-lightbox=\"yes\" data-elementor-lightbox-slideshow=\"ec4c673\" data-elementor-lightbox-title=\"ifcc-loteria-navidad-2025-02\" data-e-action-hash=\"#elementor-action%3Aaction%3Dlightbox%26settings%3DeyJpZCI6MjQ0NjksInVybCI6Imh0dHBzOlwvXC93d3cuaWJpemFjYW5jZXIuY29tXC93cC1jb250ZW50XC91cGxvYWRzXC8yMDI1XC8wOVwvaWZjYy1sb3RlcmlhLW5hdmlkYWQtMjAyNS0wMi5qcGciLCJzbGlkZXNob3ciOiJlYzRjNjczIn0%3D\" href=\"https:\/\/www.ibizacancer.com\/wp-content\/uploads\/2025\/09\/ifcc-loteria-navidad-2025-02.jpg\"><figure class=\"swiper-slide-inner\"><img decoding=\"async\" class=\"swiper-slide-image\" src=\"https:\/\/www.ibizacancer.com\/wp-content\/uploads\/2025\/09\/ifcc-loteria-navidad-2025-02.jpg\" alt=\"ifcc-loteria-navidad-2025-02\" \/><\/figure><\/a><\/div><div class=\"swiper-slide\" role=\"group\" aria-roledescription=\"slide\" aria-label=\"4 of 4\"><a data-elementor-open-lightbox=\"yes\" data-elementor-lightbox-slideshow=\"ec4c673\" data-elementor-lightbox-title=\"ifcc-loteria-navidad-2025-01\" data-e-action-hash=\"#elementor-action%3Aaction%3Dlightbox%26settings%3DeyJpZCI6MjQ0NjcsInVybCI6Imh0dHBzOlwvXC93d3cuaWJpemFjYW5jZXIuY29tXC93cC1jb250ZW50XC91cGxvYWRzXC8yMDI1XC8wOVwvaWZjYy1sb3RlcmlhLW5hdmlkYWQtMjAyNS0wMS5qcGciLCJzbGlkZXNob3ciOiJlYzRjNjczIn0%3D\" href=\"https:\/\/www.ibizacancer.com\/wp-content\/uploads\/2025\/09\/ifcc-loteria-navidad-2025-01.jpg\"><figure class=\"swiper-slide-inner\"><img decoding=\"async\" class=\"swiper-slide-image\" src=\"https:\/\/www.ibizacancer.com\/wp-content\/uploads\/2025\/09\/ifcc-loteria-navidad-2025-01.jpg\" alt=\"ifcc-loteria-navidad-2025-01\" \/><\/figure><\/a><\/div>\t\t\t<\/div>\n\t\t\t\t\t\t\t\t\t\t\t\t<div class=\"elementor-swiper-button elementor-swiper-button-prev\" role=\"button\" tabindex=\"0\">\n\t\t\t\t\t\t<i aria-hidden=\"true\" class=\"eicon-chevron-left\"><\/i>\t\t\t\t\t<\/div>\n\t\t\t\t\t<div class=\"elementor-swiper-button elementor-swiper-button-next\" role=\"button\" tabindex=\"0\">\n\t\t\t\t\t\t<i aria-hidden=\"true\" class=\"eicon-chevron-right\"><\/i>\t\t\t\t\t<\/div>\n\t\t\t\t\n\t\t\t\t\t\t\t\t\t<div class=\"swiper-pagination\"><\/div>\n\t\t\t\t\t\t\t\t\t<\/div>\n\t\t\t\t\t\t<\/div>\n\t\t\t\t<\/div>\n\t\t\t\t\t<\/div>\n\t\t<\/div>\n\t\t\t\t\t<\/div>\n\t\t<\/section>\n\t\t\t\t<\/div>\n\t\t","protected":false},"excerpt":{"rendered":"<p>Christmas Lottery 2025 IFCC Christmas Lottery Share your good fortune Purchase your Christmas Lottery tickets now and share your luck. With each ticket, you\u2019ll be donating \u20ac3 to Ibiza and [&hellip;]<\/p>\n","protected":false},"author":1,"featured_media":24464,"parent":0,"menu_order":0,"comment_status":"closed","ping_status":"closed","template":"elementor_header_footer","meta":{"_acf_changed":false,"give_campaign_id":0,"footnotes":""},"class_list":["post-23333","page","type-page","status-publish","has-post-thumbnail","hentry","entry"],"acf":[],"yoast_head":"<!-- This site is optimized with the Yoast SEO plugin v27.1.1 - https:\/\/yoast.com\/product\/yoast-seo-wordpress\/ -->\n<title>Christmas Lottery 2025 - Ibiza y Formentera Contra el C\u00e1ncer<\/title>\n<meta name=\"description\" content=\"Share your good fortune and help us support cancer patients and their families in Ibiza and Formentera.\" \/>\n<meta name=\"robots\" content=\"index, follow, max-snippet:-1, max-image-preview:large, max-video-preview:-1\" \/>\n<link rel=\"canonical\" href=\"https:\/\/www.ibizacancer.com\/en\/christmas-lottery-2025\/\" \/>\n<meta property=\"og:locale\" content=\"en_US\" \/>\n<meta property=\"og:type\" content=\"article\" \/>\n<meta property=\"og:title\" content=\"Christmas Lottery 2025 - Ibiza y Formentera Contra el C\u00e1ncer\" \/>\n<meta property=\"og:description\" content=\"Share your good fortune and help us support cancer patients and their families in Ibiza and Formentera.\" \/>\n<meta property=\"og:url\" content=\"https:\/\/www.ibizacancer.com\/en\/christmas-lottery-2025\/\" \/>\n<meta property=\"og:site_name\" content=\"Ibiza y Formentera Contra el C\u00e1ncer\" \/>\n<meta property=\"article:publisher\" content=\"https:\/\/www.facebook.com\/IFCCancer\" \/>\n<meta property=\"article:modified_time\" content=\"2025-09-02T15:16:09+00:00\" \/>\n<meta property=\"og:image\" content=\"https:\/\/www.ibizacancer.com\/wp-content\/uploads\/2025\/09\/decimo-loteria-navidad-ifcc-2025.jpg\" \/>\n\t<meta property=\"og:image:width\" content=\"1060\" \/>\n\t<meta property=\"og:image:height\" content=\"640\" \/>\n\t<meta property=\"og:image:type\" content=\"image\/jpeg\" \/>\n<meta name=\"twitter:card\" content=\"summary_large_image\" \/>\n<meta name=\"twitter:label1\" content=\"Est. reading time\" \/>\n\t<meta name=\"twitter:data1\" content=\"2 minutes\" \/>\n<script type=\"application\/ld+json\" class=\"yoast-schema-graph\">{\"@context\":\"https:\/\/schema.org\",\"@graph\":[{\"@type\":\"WebPage\",\"@id\":\"https:\/\/www.ibizacancer.com\/en\/christmas-lottery-2025\/\",\"url\":\"https:\/\/www.ibizacancer.com\/en\/christmas-lottery-2025\/\",\"name\":\"Christmas Lottery 2025 - Ibiza y Formentera Contra el C\u00e1ncer\",\"isPartOf\":{\"@id\":\"https:\/\/www.ibizacancer.com\/en\/#website\"},\"primaryImageOfPage\":{\"@id\":\"https:\/\/www.ibizacancer.com\/en\/christmas-lottery-2025\/#primaryimage\"},\"image\":{\"@id\":\"https:\/\/www.ibizacancer.com\/en\/christmas-lottery-2025\/#primaryimage\"},\"thumbnailUrl\":\"https:\/\/www.ibizacancer.com\/wp-content\/uploads\/2025\/09\/decimo-loteria-navidad-ifcc-2025.jpg\",\"datePublished\":\"2024-08-22T10:06:02+00:00\",\"dateModified\":\"2025-09-02T15:16:09+00:00\",\"description\":\"Share your good fortune and help us support cancer patients and their families in Ibiza and Formentera.\",\"inLanguage\":\"en-US\",\"potentialAction\":[{\"@type\":\"ReadAction\",\"target\":[\"https:\/\/www.ibizacancer.com\/en\/christmas-lottery-2025\/\"]}]},{\"@type\":\"ImageObject\",\"inLanguage\":\"en-US\",\"@id\":\"https:\/\/www.ibizacancer.com\/en\/christmas-lottery-2025\/#primaryimage\",\"url\":\"https:\/\/www.ibizacancer.com\/wp-content\/uploads\/2025\/09\/decimo-loteria-navidad-ifcc-2025.jpg\",\"contentUrl\":\"https:\/\/www.ibizacancer.com\/wp-content\/uploads\/2025\/09\/decimo-loteria-navidad-ifcc-2025.jpg\",\"width\":1060,\"height\":640,\"caption\":\"D\u00e9cimo de Loter\u00eda de Navidad IFCC 2025\"},{\"@type\":\"WebSite\",\"@id\":\"https:\/\/www.ibizacancer.com\/en\/#website\",\"url\":\"https:\/\/www.ibizacancer.com\/en\/\",\"name\":\"Ibiza y Formentera Contra el C\u00e1ncer\",\"description\":\"Ibiza y Formentera contra el C\u00e1ncer es una organizaci\u00f3n no gubernamental y sin \u00e1nimo de lucro dirigida a la lucha contra esta enfermedad en las Pitiusas.\",\"publisher\":{\"@id\":\"https:\/\/www.ibizacancer.com\/en\/#organization\"},\"potentialAction\":[{\"@type\":\"SearchAction\",\"target\":{\"@type\":\"EntryPoint\",\"urlTemplate\":\"https:\/\/www.ibizacancer.com\/en\/?s={search_term_string}\"},\"query-input\":{\"@type\":\"PropertyValueSpecification\",\"valueRequired\":true,\"valueName\":\"search_term_string\"}}],\"inLanguage\":\"en-US\"},{\"@type\":\"Organization\",\"@id\":\"https:\/\/www.ibizacancer.com\/en\/#organization\",\"name\":\"Ibiza y Formentera Contra el C\u00e1ncer\",\"url\":\"https:\/\/www.ibizacancer.com\/en\/\",\"logo\":{\"@type\":\"ImageObject\",\"inLanguage\":\"en-US\",\"@id\":\"https:\/\/www.ibizacancer.com\/en\/#\/schema\/logo\/image\/\",\"url\":\"https:\/\/www.ibizacancer.com\/wp-content\/uploads\/2020\/08\/ifcc-logo-web.png\",\"contentUrl\":\"https:\/\/www.ibizacancer.com\/wp-content\/uploads\/2020\/08\/ifcc-logo-web.png\",\"width\":200,\"height\":73,\"caption\":\"Ibiza y Formentera Contra el C\u00e1ncer\"},\"image\":{\"@id\":\"https:\/\/www.ibizacancer.com\/en\/#\/schema\/logo\/image\/\"},\"sameAs\":[\"https:\/\/www.facebook.com\/IFCCancer\"]}]}<\/script>\n<!-- \/ Yoast SEO plugin. -->","yoast_head_json":{"title":"Christmas Lottery 2025 - Ibiza y Formentera Contra el C\u00e1ncer","description":"Share your good fortune and help us support cancer patients and their families in Ibiza and Formentera.","robots":{"index":"index","follow":"follow","max-snippet":"max-snippet:-1","max-image-preview":"max-image-preview:large","max-video-preview":"max-video-preview:-1"},"canonical":"https:\/\/www.ibizacancer.com\/en\/christmas-lottery-2025\/","og_locale":"en_US","og_type":"article","og_title":"Christmas Lottery 2025 - Ibiza y Formentera Contra el C\u00e1ncer","og_description":"Share your good fortune and help us support cancer patients and their families in Ibiza and Formentera.","og_url":"https:\/\/www.ibizacancer.com\/en\/christmas-lottery-2025\/","og_site_name":"Ibiza y Formentera Contra el C\u00e1ncer","article_publisher":"https:\/\/www.facebook.com\/IFCCancer","article_modified_time":"2025-09-02T15:16:09+00:00","og_image":[{"width":1060,"height":640,"url":"https:\/\/www.ibizacancer.com\/wp-content\/uploads\/2025\/09\/decimo-loteria-navidad-ifcc-2025.jpg","type":"image\/jpeg"}],"twitter_card":"summary_large_image","twitter_misc":{"Est. reading time":"2 minutes"},"schema":{"@context":"https:\/\/schema.org","@graph":[{"@type":"WebPage","@id":"https:\/\/www.ibizacancer.com\/en\/christmas-lottery-2025\/","url":"https:\/\/www.ibizacancer.com\/en\/christmas-lottery-2025\/","name":"Christmas Lottery 2025 - Ibiza y Formentera Contra el C\u00e1ncer","isPartOf":{"@id":"https:\/\/www.ibizacancer.com\/en\/#website"},"primaryImageOfPage":{"@id":"https:\/\/www.ibizacancer.com\/en\/christmas-lottery-2025\/#primaryimage"},"image":{"@id":"https:\/\/www.ibizacancer.com\/en\/christmas-lottery-2025\/#primaryimage"},"thumbnailUrl":"https:\/\/www.ibizacancer.com\/wp-content\/uploads\/2025\/09\/decimo-loteria-navidad-ifcc-2025.jpg","datePublished":"2024-08-22T10:06:02+00:00","dateModified":"2025-09-02T15:16:09+00:00","description":"Share your good fortune and help us support cancer patients and their families in Ibiza and Formentera.","inLanguage":"en-US","potentialAction":[{"@type":"ReadAction","target":["https:\/\/www.ibizacancer.com\/en\/christmas-lottery-2025\/"]}]},{"@type":"ImageObject","inLanguage":"en-US","@id":"https:\/\/www.ibizacancer.com\/en\/christmas-lottery-2025\/#primaryimage","url":"https:\/\/www.ibizacancer.com\/wp-content\/uploads\/2025\/09\/decimo-loteria-navidad-ifcc-2025.jpg","contentUrl":"https:\/\/www.ibizacancer.com\/wp-content\/uploads\/2025\/09\/decimo-loteria-navidad-ifcc-2025.jpg","width":1060,"height":640,"caption":"D\u00e9cimo de Loter\u00eda de Navidad IFCC 2025"},{"@type":"WebSite","@id":"https:\/\/www.ibizacancer.com\/en\/#website","url":"https:\/\/www.ibizacancer.com\/en\/","name":"Ibiza y Formentera Contra el C\u00e1ncer","description":"Ibiza y Formentera contra el C\u00e1ncer es una organizaci\u00f3n no gubernamental y sin \u00e1nimo de lucro dirigida a la lucha contra esta enfermedad en las Pitiusas.","publisher":{"@id":"https:\/\/www.ibizacancer.com\/en\/#organization"},"potentialAction":[{"@type":"SearchAction","target":{"@type":"EntryPoint","urlTemplate":"https:\/\/www.ibizacancer.com\/en\/?s={search_term_string}"},"query-input":{"@type":"PropertyValueSpecification","valueRequired":true,"valueName":"search_term_string"}}],"inLanguage":"en-US"},{"@type":"Organization","@id":"https:\/\/www.ibizacancer.com\/en\/#organization","name":"Ibiza y Formentera Contra el C\u00e1ncer","url":"https:\/\/www.ibizacancer.com\/en\/","logo":{"@type":"ImageObject","inLanguage":"en-US","@id":"https:\/\/www.ibizacancer.com\/en\/#\/schema\/logo\/image\/","url":"https:\/\/www.ibizacancer.com\/wp-content\/uploads\/2020\/08\/ifcc-logo-web.png","contentUrl":"https:\/\/www.ibizacancer.com\/wp-content\/uploads\/2020\/08\/ifcc-logo-web.png","width":200,"height":73,"caption":"Ibiza y Formentera Contra el C\u00e1ncer"},"image":{"@id":"https:\/\/www.ibizacancer.com\/en\/#\/schema\/logo\/image\/"},"sameAs":["https:\/\/www.facebook.com\/IFCCancer"]}]}},"campaignId":"","_links":{"self":[{"href":"https:\/\/www.ibizacancer.com\/en\/wp-json\/wp\/v2\/pages\/23333","targetHints":{"allow":["GET"]}}],"collection":[{"href":"https:\/\/www.ibizacancer.com\/en\/wp-json\/wp\/v2\/pages"}],"about":[{"href":"https:\/\/www.ibizacancer.com\/en\/wp-json\/wp\/v2\/types\/page"}],"author":[{"embeddable":true,"href":"https:\/\/www.ibizacancer.com\/en\/wp-json\/wp\/v2\/users\/1"}],"replies":[{"embeddable":true,"href":"https:\/\/www.ibizacancer.com\/en\/wp-json\/wp\/v2\/comments?post=23333"}],"version-history":[{"count":10,"href":"https:\/\/www.ibizacancer.com\/en\/wp-json\/wp\/v2\/pages\/23333\/revisions"}],"predecessor-version":[{"id":24480,"href":"https:\/\/www.ibizacancer.com\/en\/wp-json\/wp\/v2\/pages\/23333\/revisions\/24480"}],"wp:featuredmedia":[{"embeddable":true,"href":"https:\/\/www.ibizacancer.com\/en\/wp-json\/wp\/v2\/media\/24464"}],"wp:attachment":[{"href":"https:\/\/www.ibizacancer.com\/en\/wp-json\/wp\/v2\/media?parent=23333"}],"curies":[{"name":"wp","href":"https:\/\/api.w.org\/{rel}","templated":true}]}}